{"id":571,"date":"2022-01-11T22:55:46","date_gmt":"2022-01-11T22:55:46","guid":{"rendered":"https:\/\/childrenmustwork.org\/doacao\/"},"modified":"2022-02-25T22:26:57","modified_gmt":"2022-02-25T22:26:57","slug":"doacao-objetiva","status":"publish","type":"page","link":"https:\/\/childrenmustwork.org\/pt-br\/doacao-objetiva\/","title":{"rendered":"Doa\u00e7\u00e3o Objetiva"},"content":{"rendered":"\t\t<div data-elementor-type=\"wp-page\" data-elementor-id=\"571\" class=\"elementor elementor-571 elementor-38\">\n\t\t\t\t\t\t\t\t\t<section class=\"elementor-section elementor-top-section elementor-element elementor-element-2c2297e elementor-section-height-min-height elementor-section-boxed elementor-section-height-default elementor-section-items-middle\" data-id=\"2c2297e\" data-element_type=\"section\" data-settings=\"{&quot;background_background&quot;:&quot;classic&quot;}\">\n\t\t\t\t\t\t\t<div class=\"elementor-background-overlay\"><\/div>\n\t\t\t\t\t\t\t<div class=\"elementor-container elementor-column-gap-default\">\n\t\t\t\t\t<div class=\"elementor-column elementor-col-100 elementor-top-column elementor-element elementor-element-0a67d6a\" data-id=\"0a67d6a\" data-element_type=\"column\">\n\t\t\t<div class=\"elementor-widget-wrap elementor-element-populated\">\n\t\t\t\t\t\t\t\t<div class=\"elementor-element elementor-element-2fb34e1 elementor-widget elementor-widget-heading\" data-id=\"2fb34e1\" data-element_type=\"widget\" data-widget_type=\"heading.default\">\n\t\t\t\t<div class=\"elementor-widget-container\">\n\t\t\t<style>\/*! elementor - v3.13.2 - 11-05-2023 *\/\n.elementor-heading-title{padding:0;margin:0;line-height:1}.elementor-widget-heading .elementor-heading-title[class*=elementor-size-]>a{color:inherit;font-size:inherit;line-height:inherit}.elementor-widget-heading .elementor-heading-title.elementor-size-small{font-size:15px}.elementor-widget-heading .elementor-heading-title.elementor-size-medium{font-size:19px}.elementor-widget-heading .elementor-heading-title.elementor-size-large{font-size:29px}.elementor-widget-heading .elementor-heading-title.elementor-size-xl{font-size:39px}.elementor-widget-heading .elementor-heading-title.elementor-size-xxl{font-size:59px}<\/style><h2 class=\"elementor-heading-title elementor-size-default\">DOA\u00c7\u00c3O<\/h2>\t\t<\/div>\n\t\t\t\t<\/div>\n\t\t\t\t\t<\/div>\n\t\t<\/div>\n\t\t\t\t\t\t\t<\/div>\n\t\t<\/section>\n\t\t\t\t<section class=\"elementor-section elementor-top-section elementor-element elementor-element-dd203f6 elementor-section-height-min-height elementor-section-boxed elementor-section-height-default elementor-section-items-middle\" data-id=\"dd203f6\" data-element_type=\"section\" data-settings=\"{&quot;background_background&quot;:&quot;gradient&quot;}\">\n\t\t\t\t\t\t<div class=\"elementor-container elementor-column-gap-default\">\n\t\t\t\t\t<div class=\"elementor-column elementor-col-100 elementor-top-column elementor-element elementor-element-be502b2\" data-id=\"be502b2\" data-element_type=\"column\">\n\t\t\t<div class=\"elementor-widget-wrap\">\n\t\t\t\t\t\t\t\t\t<\/div>\n\t\t<\/div>\n\t\t\t\t\t\t\t<\/div>\n\t\t<\/section>\n\t\t\t\t<section class=\"elementor-section elementor-top-section elementor-element elementor-element-0e3413a elementor-section-boxed elementor-section-height-default elementor-section-height-default\" data-id=\"0e3413a\" data-element_type=\"section\">\n\t\t\t\t\t\t<div class=\"elementor-container elementor-column-gap-default\">\n\t\t\t\t\t<div class=\"elementor-column elementor-col-100 elementor-top-column elementor-element elementor-element-85434d0\" data-id=\"85434d0\" data-element_type=\"column\">\n\t\t\t<div class=\"elementor-widget-wrap elementor-element-populated\">\n\t\t\t\t\t\t\t\t<div class=\"elementor-element elementor-element-7c374bc elementor-widget__width-initial elementor-widget elementor-widget-html\" data-id=\"7c374bc\" data-element_type=\"widget\" data-widget_type=\"html.default\">\n\t\t\t\t<div class=\"elementor-widget-container\">\n\t\t\t<div id=\"donate-button-container\">\n<div id=\"donate-button\"><\/div>\n<script src=\"https:\/\/www.paypalobjects.com\/donate\/sdk\/donate-sdk.js\" charset=\"UTF-8\"><\/script>\n<script>\nPayPal.Donation.Button({\nenv:'production',\nhosted_button_id:'LVJ4BN48MVD32',\nimage: {\nsrc:'https:\/\/pics.paypal.com\/00\/s\/MjljNjFjZTctZjYyMy00ZjUyLWIzZWYtNDRkODk2M2ZjMDAz\/file.PNG',\nalt:'Donate with PayPal button',\ntitle:'PayPal - The safer, easier way to pay online!',\n}\n}).render('#donate-button');\n<\/script>\n<\/div>\n\t\t<\/div>\n\t\t\t\t<\/div>\n\t\t\t\t\t<\/div>\n\t\t<\/div>\n\t\t\t\t\t\t\t<\/div>\n\t\t<\/section>\n\t\t\t\t<section class=\"elementor-section elementor-top-section elementor-element elementor-element-b783108 elementor-section-boxed elementor-section-height-default elementor-section-height-default\" data-id=\"b783108\" data-element_type=\"section\" data-settings=\"{&quot;background_background&quot;:&quot;classic&quot;}\">\n\t\t\t\t\t\t<div class=\"elementor-container elementor-column-gap-default\">\n\t\t\t\t\t<div class=\"elementor-column elementor-col-100 elementor-top-column elementor-element elementor-element-719de70\" data-id=\"719de70\" data-element_type=\"column\">\n\t\t\t<div class=\"elementor-widget-wrap elementor-element-populated\">\n\t\t\t\t\t\t\t\t<div class=\"elementor-element elementor-element-3d716d6 elementor-widget elementor-widget-heading\" data-id=\"3d716d6\" data-element_type=\"widget\" data-widget_type=\"heading.default\">\n\t\t\t\t<div class=\"elementor-widget-container\">\n\t\t\t<h2 class=\"elementor-heading-title elementor-size-default\">Metas - Objetivos - Medidas<\/h2>\t\t<\/div>\n\t\t\t\t<\/div>\n\t\t\t\t<div class=\"elementor-element elementor-element-8a0bfa0 elementor-widget elementor-widget-text-editor\" data-id=\"8a0bfa0\" data-element_type=\"widget\" data-widget_type=\"text-editor.default\">\n\t\t\t\t<div class=\"elementor-widget-container\">\n\t\t\t<style>\/*! elementor - v3.13.2 - 11-05-2023 *\/\n.elementor-widget-text-editor.elementor-drop-cap-view-stacked .elementor-drop-cap{background-color:#69727d;color:#fff}.elementor-widget-text-editor.elementor-drop-cap-view-framed .elementor-drop-cap{color:#69727d;border:3px solid;background-color:transparent}.elementor-widget-text-editor:not(.elementor-drop-cap-view-default) .elementor-drop-cap{margin-top:8px}.elementor-widget-text-editor:not(.elementor-drop-cap-view-default) .elementor-drop-cap-letter{width:1em;height:1em}.elementor-widget-text-editor .elementor-drop-cap{float:left;text-align:center;line-height:1;font-size:50px}.elementor-widget-text-editor .elementor-drop-cap-letter{display:inline-block}<\/style>\t\t\t\t<p>O CMW \u00e9 um projeto piloto inovador que ocorrer\u00e1 em tr\u00eas (3) locais distintos ao mesmo tempo. Cada cidade (Boston, MA, Hartford, CT e Atlanta, GA) tem seu pr\u00f3prio conjunto de necessidades, mas a necessidade desse programa \u00e9 facilmente demonstrada. Ap\u00f3s o sucesso do programa piloto, a CMW se expandir\u00e1 para Carolina do Norte, Texas, Nova York e outros estados &#8211; com expectativas de estar operacional em todos os 50 estados at\u00e9 2023 com aumento de matr\u00edculas. O objetivo final \u00e9 fornecer este programa em todas as escolas p\u00fablicas de ensino m\u00e9dio do 10\u00ba ao 12\u00ba ano.<\/p>\n\t\t\t\t\t\t<\/div>\n\t\t\t\t<\/div>\n\t\t\t\t\t<\/div>\n\t\t<\/div>\n\t\t\t\t\t\t\t<\/div>\n\t\t<\/section>\n\t\t\t\t<section class=\"elementor-section elementor-top-section elementor-element elementor-element-85c1b7f elementor-section-boxed elementor-section-height-default elementor-section-height-default\" data-id=\"85c1b7f\" data-element_type=\"section\" data-settings=\"{&quot;background_background&quot;:&quot;classic&quot;}\">\n\t\t\t\t\t\t<div class=\"elementor-container elementor-column-gap-default\">\n\t\t\t\t\t<div class=\"elementor-column elementor-col-50 elementor-top-column elementor-element elementor-element-4a727fd\" data-id=\"4a727fd\" data-element_type=\"column\">\n\t\t\t<div class=\"elementor-widget-wrap elementor-element-populated\">\n\t\t\t\t\t\t\t\t<section class=\"elementor-section elementor-inner-section elementor-element elementor-element-9a4ee79 elementor-section-boxed elementor-section-height-default elementor-section-height-default\" data-id=\"9a4ee79\" data-element_type=\"section\" data-settings=\"{&quot;background_background&quot;:&quot;classic&quot;}\">\n\t\t\t\t\t\t<div class=\"elementor-container elementor-column-gap-default\">\n\t\t\t\t\t<div class=\"elementor-column elementor-col-100 elementor-inner-column elementor-element elementor-element-c69f3ac\" data-id=\"c69f3ac\" data-element_type=\"column\">\n\t\t\t<div class=\"elementor-widget-wrap elementor-element-populated\">\n\t\t\t\t\t\t\t\t<div class=\"elementor-element elementor-element-6342372 elementor-widget elementor-widget-heading\" data-id=\"6342372\" data-element_type=\"widget\" data-widget_type=\"heading.default\">\n\t\t\t\t<div class=\"elementor-widget-container\">\n\t\t\t<h2 class=\"elementor-heading-title elementor-size-default\">1. Apresente aos jovens oportunidades de emprego e carreira diversificadas e estimulantes.<\/h2>\t\t<\/div>\n\t\t\t\t<\/div>\n\t\t\t\t<div class=\"elementor-element elementor-element-36be55a elementor-widget elementor-widget-text-editor\" data-id=\"36be55a\" data-element_type=\"widget\" data-widget_type=\"text-editor.default\">\n\t\t\t\t<div class=\"elementor-widget-container\">\n\t\t\t\t\t\t\t<p>&#8211; Aplica\u00e7\u00f5es<br \/>&#8211; Posi\u00e7\u00f5es de trabalho\/tipos de trabalho<br \/>&#8211; Horas trabalhadas<\/p>\n\t\t\t\t\t\t<\/div>\n\t\t\t\t<\/div>\n\t\t\t\t\t<\/div>\n\t\t<\/div>\n\t\t\t\t\t\t\t<\/div>\n\t\t<\/section>\n\t\t\t\t<section class=\"elementor-section elementor-inner-section elementor-element elementor-element-3a15f8f elementor-section-boxed elementor-section-height-default elementor-section-height-default\" data-id=\"3a15f8f\" data-element_type=\"section\" data-settings=\"{&quot;background_background&quot;:&quot;classic&quot;}\">\n\t\t\t\t\t\t<div class=\"elementor-container elementor-column-gap-default\">\n\t\t\t\t\t<div class=\"elementor-column elementor-col-100 elementor-inner-column elementor-element elementor-element-d9ea592\" data-id=\"d9ea592\" data-element_type=\"column\">\n\t\t\t<div class=\"elementor-widget-wrap elementor-element-populated\">\n\t\t\t\t\t\t\t\t<div class=\"elementor-element elementor-element-f876d43 elementor-widget elementor-widget-heading\" data-id=\"f876d43\" data-element_type=\"widget\" data-widget_type=\"heading.default\">\n\t\t\t\t<div class=\"elementor-widget-container\">\n\t\t\t<h2 class=\"elementor-heading-title elementor-size-default\">2. Os jovens desenvolvem h\u00e1bitos de trabalho positivos, atitudes de trabalho e habilidades comportamentais.<\/h2>\t\t<\/div>\n\t\t\t\t<\/div>\n\t\t\t\t<div class=\"elementor-element elementor-element-d006d7e elementor-widget elementor-widget-text-editor\" data-id=\"d006d7e\" data-element_type=\"widget\" data-widget_type=\"text-editor.default\">\n\t\t\t\t<div class=\"elementor-widget-container\">\n\t\t\t\t\t\t\t<p>&#8211; Sess\u00f5es de entrevista<br \/>&#8211; Planos\/curr\u00edculos de emprego criados<br \/>&#8211; Planos\/curr\u00edculos de emprego criados<\/p>\n\t\t\t\t\t\t<\/div>\n\t\t\t\t<\/div>\n\t\t\t\t\t<\/div>\n\t\t<\/div>\n\t\t\t\t\t\t\t<\/div>\n\t\t<\/section>\n\t\t\t\t<section class=\"elementor-section elementor-inner-section elementor-element elementor-element-9c7855c elementor-section-boxed elementor-section-height-default elementor-section-height-default\" data-id=\"9c7855c\" data-element_type=\"section\" data-settings=\"{&quot;background_background&quot;:&quot;classic&quot;}\">\n\t\t\t\t\t\t<div class=\"elementor-container elementor-column-gap-default\">\n\t\t\t\t\t<div class=\"elementor-column elementor-col-100 elementor-inner-column elementor-element elementor-element-7bf5da9\" data-id=\"7bf5da9\" data-element_type=\"column\">\n\t\t\t<div class=\"elementor-widget-wrap elementor-element-populated\">\n\t\t\t\t\t\t\t\t<div class=\"elementor-element elementor-element-51accf6 elementor-widget elementor-widget-heading\" data-id=\"51accf6\" data-element_type=\"widget\" data-widget_type=\"heading.default\">\n\t\t\t\t<div class=\"elementor-widget-container\">\n\t\t\t<h2 class=\"elementor-heading-title elementor-size-default\">3. Os jovens entendem e podem demonstrar habilidades financeiras e administra\u00e7\u00e3o baseadas na cultura<\/h2>\t\t<\/div>\n\t\t\t\t<\/div>\n\t\t\t\t<div class=\"elementor-element elementor-element-18cb786 elementor-widget elementor-widget-text-editor\" data-id=\"18cb786\" data-element_type=\"widget\" data-widget_type=\"text-editor.default\">\n\t\t\t\t<div class=\"elementor-widget-container\">\n\t\t\t\t\t\t\t<p>&#8211; Horas de treinamento financeiro atendidas<br \/>&#8211; De contas banc\u00e1rias abertas e mantidas<br \/>&#8211; Pesquisa pr\u00e9 e p\u00f3s<\/p>\n\t\t\t\t\t\t<\/div>\n\t\t\t\t<\/div>\n\t\t\t\t\t<\/div>\n\t\t<\/div>\n\t\t\t\t\t\t\t<\/div>\n\t\t<\/section>\n\t\t\t\t\t<\/div>\n\t\t<\/div>\n\t\t\t\t<div class=\"elementor-column elementor-col-50 elementor-top-column elementor-element elementor-element-3d0cb80\" data-id=\"3d0cb80\" data-element_type=\"column\">\n\t\t\t<div class=\"elementor-widget-wrap elementor-element-populated\">\n\t\t\t\t\t\t\t\t<div class=\"elementor-element elementor-element-a900872 elementor-widget elementor-widget-text-editor\" data-id=\"a900872\" data-element_type=\"widget\" data-widget_type=\"text-editor.default\">\n\t\t\t\t<div class=\"elementor-widget-container\">\n\t\t\t\t\t\t\t<p>Os jovens trabalhar\u00e3o com diferentes empresas para ganhar exposi\u00e7\u00e3o e experi\u00eancia no trabalho.<\/p>\n<\/p>\n<p>Os jovens s\u00e3o educados em v\u00e1rias regras e habilidades essenciais no local de trabalho, como chegar na hora, como lidar com uma reclama\u00e7\u00e3o, c\u00f3digos de vestimenta etc.<\/p>\n<\/p>\n<p>Os jovens ganham experi\u00eancia de trabalho valiosa por meio de orienta\u00e7\u00e3o com profissionais de v\u00e1rias \u00e1reas.<\/p>\n<\/p>\n<p>Os jovens passar\u00e3o por um processo de entrevista\/sele\u00e7\u00e3o para serem aceitos no programa.<\/p>\n<\/p>\n<p>Espera-se que os jovens exibam comportamentos adequados no local de trabalho durante todo o programa (por exemplo: chegue na hora, ou\u00e7a e participe ativamente, esteja presente durante todo o programa).<\/p>\n<\/p>\n<p>Os participantes seguem as expectativas estabelecidas por eles e para eles.<\/p>\n<\/p>\n<p>Os jovens identificar\u00e3o 3 m\u00e9todos de poupan\u00e7a e investimento.<\/p>\n<\/p>\n<p>Os jovens gerenciar\u00e3o ativamente contas banc\u00e1rias e manter\u00e3o registros de receitas e despesas.<\/p>\n<\/p>\n<p>O uso de hist\u00f3rias culturalmente competentes (entrevistas\/convidados) ser\u00e1 usado para introduzir os alunos aos princ\u00edpios e m\u00e9todos financeiros.<\/p>\n\t\t\t\t\t\t<\/div>\n\t\t\t\t<\/div>\n\t\t\t\t\t<\/div>\n\t\t<\/div>\n\t\t\t\t\t\t\t<\/div>\n\t\t<\/section>\n\t\t\t\t\t\t\t<\/div>\n\t\t","protected":false},"excerpt":{"rendered":"<p>DOA\u00c7\u00c3O Metas &#8211; Objetivos &#8211; Medidas O CMW \u00e9 um projeto piloto inovador que ocorrer\u00e1 em tr\u00eas (3) locais distintos ao mesmo tempo. Cada cidade (Boston, MA, Hartford, CT e Atlanta, GA) tem seu pr\u00f3prio conjunto de necessidades, mas a necessidade desse programa \u00e9 facilmente demonstrada. Ap\u00f3s o sucesso do programa piloto, a CMW se [&hellip;]<\/p>\n","protected":false},"author":1,"featured_media":0,"parent":0,"menu_order":0,"comment_status":"closed","ping_status":"closed","template":"elementor_header_footer","meta":{"footnotes":"","_links_to":"","_links_to_target":""},"class_list":["post-571","page","type-page","status-publish","hentry"],"_links":{"self":[{"href":"https:\/\/childrenmustwork.org\/pt-br\/wp-json\/wp\/v2\/pages\/571","targetHints":{"allow":["GET"]}}],"collection":[{"href":"https:\/\/childrenmustwork.org\/pt-br\/wp-json\/wp\/v2\/pages"}],"about":[{"href":"https:\/\/childrenmustwork.org\/pt-br\/wp-json\/wp\/v2\/types\/page"}],"author":[{"embeddable":true,"href":"https:\/\/childrenmustwork.org\/pt-br\/wp-json\/wp\/v2\/users\/1"}],"replies":[{"embeddable":true,"href":"https:\/\/childrenmustwork.org\/pt-br\/wp-json\/wp\/v2\/comments?post=571"}],"version-history":[{"count":2,"href":"https:\/\/childrenmustwork.org\/pt-br\/wp-json\/wp\/v2\/pages\/571\/revisions"}],"predecessor-version":[{"id":747,"href":"https:\/\/childrenmustwork.org\/pt-br\/wp-json\/wp\/v2\/pages\/571\/revisions\/747"}],"wp:attachment":[{"href":"https:\/\/childrenmustwork.org\/pt-br\/wp-json\/wp\/v2\/media?parent=571"}],"curies":[{"name":"wp","href":"https:\/\/api.w.org\/{rel}","templated":true}]}}