{"id":746,"date":"2022-02-25T21:31:15","date_gmt":"2022-02-25T21:31:15","guid":{"rendered":"https:\/\/childrenmustwork.org\/donate\/"},"modified":"2022-02-25T22:50:05","modified_gmt":"2022-02-25T22:50:05","slug":"doacao","status":"publish","type":"page","link":"https:\/\/childrenmustwork.org\/pt-br\/doacao\/","title":{"rendered":"Doa\u00e7\u00e3o"},"content":{"rendered":"\t\t<div data-elementor-type=\"wp-page\" data-elementor-id=\"746\" class=\"elementor elementor-746 elementor-658\">\n\t\t\t\t\t\t\t\t\t<section class=\"elementor-section elementor-top-section elementor-element elementor-element-722ce1d elementor-section-height-min-height elementor-section-boxed elementor-section-height-default elementor-section-items-middle\" data-id=\"722ce1d\" data-element_type=\"section\" data-settings=\"{&quot;background_background&quot;:&quot;classic&quot;}\">\n\t\t\t\t\t\t\t<div class=\"elementor-background-overlay\"><\/div>\n\t\t\t\t\t\t\t<div class=\"elementor-container elementor-column-gap-default\">\n\t\t\t\t\t<div class=\"elementor-column elementor-col-100 elementor-top-column elementor-element elementor-element-77dbdd1\" data-id=\"77dbdd1\" data-element_type=\"column\">\n\t\t\t<div class=\"elementor-widget-wrap elementor-element-populated\">\n\t\t\t\t\t\t\t\t<div class=\"elementor-element elementor-element-657de8c elementor-widget elementor-widget-heading\" data-id=\"657de8c\" data-element_type=\"widget\" data-widget_type=\"heading.default\">\n\t\t\t\t<div class=\"elementor-widget-container\">\n\t\t\t<style>\/*! elementor - v3.13.2 - 11-05-2023 *\/\n.elementor-heading-title{padding:0;margin:0;line-height:1}.elementor-widget-heading .elementor-heading-title[class*=elementor-size-]>a{color:inherit;font-size:inherit;line-height:inherit}.elementor-widget-heading .elementor-heading-title.elementor-size-small{font-size:15px}.elementor-widget-heading .elementor-heading-title.elementor-size-medium{font-size:19px}.elementor-widget-heading .elementor-heading-title.elementor-size-large{font-size:29px}.elementor-widget-heading .elementor-heading-title.elementor-size-xl{font-size:39px}.elementor-widget-heading .elementor-heading-title.elementor-size-xxl{font-size:59px}<\/style><h2 class=\"elementor-heading-title elementor-size-default\">DOA\u00c7\u00c3O<\/h2>\t\t<\/div>\n\t\t\t\t<\/div>\n\t\t\t\t\t<\/div>\n\t\t<\/div>\n\t\t\t\t\t\t\t<\/div>\n\t\t<\/section>\n\t\t\t\t<section class=\"elementor-section elementor-top-section elementor-element elementor-element-ee75b3f elementor-section-height-min-height elementor-section-boxed elementor-section-height-default elementor-section-items-middle\" data-id=\"ee75b3f\" data-element_type=\"section\" data-settings=\"{&quot;background_background&quot;:&quot;gradient&quot;}\">\n\t\t\t\t\t\t<div class=\"elementor-container elementor-column-gap-default\">\n\t\t\t\t\t<div class=\"elementor-column elementor-col-100 elementor-top-column elementor-element elementor-element-7b3e493\" data-id=\"7b3e493\" data-element_type=\"column\">\n\t\t\t<div class=\"elementor-widget-wrap\">\n\t\t\t\t\t\t\t\t\t<\/div>\n\t\t<\/div>\n\t\t\t\t\t\t\t<\/div>\n\t\t<\/section>\n\t\t\t\t<section class=\"elementor-section elementor-top-section elementor-element elementor-element-493008a8 elementor-section-content-middle elementor-section-boxed elementor-section-height-default elementor-section-height-default\" data-id=\"493008a8\" data-element_type=\"section\">\n\t\t\t\t\t\t<div class=\"elementor-container elementor-column-gap-default\">\n\t\t\t\t\t<div class=\"elementor-column elementor-col-100 elementor-top-column elementor-element elementor-element-49d49af\" data-id=\"49d49af\" data-element_type=\"column\">\n\t\t\t<div class=\"elementor-widget-wrap elementor-element-populated\">\n\t\t\t\t\t\t\t\t<div class=\"elementor-element elementor-element-d6312d1 elementor-widget elementor-widget-text-editor\" data-id=\"d6312d1\" data-element_type=\"widget\" data-widget_type=\"text-editor.default\">\n\t\t\t\t<div class=\"elementor-widget-container\">\n\t\t\t<style>\/*! elementor - v3.13.2 - 11-05-2023 *\/\n.elementor-widget-text-editor.elementor-drop-cap-view-stacked .elementor-drop-cap{background-color:#69727d;color:#fff}.elementor-widget-text-editor.elementor-drop-cap-view-framed .elementor-drop-cap{color:#69727d;border:3px solid;background-color:transparent}.elementor-widget-text-editor:not(.elementor-drop-cap-view-default) .elementor-drop-cap{margin-top:8px}.elementor-widget-text-editor:not(.elementor-drop-cap-view-default) .elementor-drop-cap-letter{width:1em;height:1em}.elementor-widget-text-editor .elementor-drop-cap{float:left;text-align:center;line-height:1;font-size:50px}.elementor-widget-text-editor .elementor-drop-cap-letter{display:inline-block}<\/style>\t\t\t\t<p>A Children Must Work, Inc. (CMW) \u00e9 uma organiza\u00e7\u00e3o sem fins lucrativos que conduz um programa exclusivo de desenvolvimento de jovens que atende a necessidades espec\u00edficas direcionadas em tr\u00eas comunidades urbanas (Boston, MA, Hartford, CT e<br \/>Atlanta, GA).<\/p><p>\u00a0<\/p><p>A CMW est\u00e1 comprometida em fornecer experi\u00eancias diversificadas e de alta qualidade que desenvolvam habilidades e capacitem os jovens pessoalmente e profissionalmente.<\/p><p>\u00a0<\/p><p>Nossa meta \u00e9 estar operando em todos os 52 estados at\u00e9 2024, al\u00e9m de implementar em todas as escolas p\u00fablicas.<\/p><p>\u00a0<\/p><p><strong>Voc\u00ea faria parceria conosco?<\/strong><\/p>\t\t\t\t\t\t<\/div>\n\t\t\t\t<\/div>\n\t\t\t\t\t<\/div>\n\t\t<\/div>\n\t\t\t\t\t\t\t<\/div>\n\t\t<\/section>\n\t\t\t\t<section class=\"elementor-section elementor-top-section elementor-element elementor-element-1bee931 elementor-section-boxed elementor-section-height-default elementor-section-height-default\" data-id=\"1bee931\" data-element_type=\"section\">\n\t\t\t\t\t\t<div class=\"elementor-container elementor-column-gap-default\">\n\t\t\t\t\t<div class=\"elementor-column elementor-col-100 elementor-top-column elementor-element elementor-element-5d35773c\" data-id=\"5d35773c\" data-element_type=\"column\" data-settings=\"{&quot;background_background&quot;:&quot;classic&quot;}\">\n\t\t\t<div class=\"elementor-widget-wrap elementor-element-populated\">\n\t\t\t\t\t\t\t\t<div class=\"elementor-element elementor-element-269ff2bc elementor-widget elementor-widget-html\" data-id=\"269ff2bc\" data-element_type=\"widget\" data-widget_type=\"html.default\">\n\t\t\t\t<div class=\"elementor-widget-container\">\n\t\t\t <style>\r\n    #donatewidget {\r\n        padding: 30px;\r\n        display: block;;\r\n        width: 100%;\r\n        padding-top: 0px;\r\n        max-width: 100%;\r\n    }\r\n    .amounts {\r\n        display: block;;\r\n        margin: 0 auto;\r\n        text-align: center;\r\n    }\r\n    #donatewidget p {\r\n        text-align: center;\r\n        font-size: 0.9em;\r\n    }\r\n    #donatewidget input {\r\n        display: block;\r\n        border: 1px solid #ccc;\r\n        width: 100%;\r\n        padding:5px;\r\n        line-height: 30px;\r\n        margin: 5px;\r\n        padding: 5px;\r\n        border-radius: 5px;\r\n    }\r\n    input#amount {\r\n        display: block;\r\n        border: 1px solid #ccc;\r\n        width: 100%;\r\n        line-height: 30px;\r\n        padding-left: 40px !important;\r\n        padding-right: 40px;\r\n    }\r\n    select#currency {\r\n        display: inline-block;\r\n        width: 60px;\r\n        float: right;\r\n        right: 2px;\r\n        border: none;\r\n        margin-top: -38px;\r\n        -webkit-appearance: none;\r\n        -webkit-border-radius: 2px;\r\n        -webkit-padding-end: 20px;\r\n        -webkit-padding-start: 2px;\r\n        -webkit-user-select: none;\r\n        text-overflow: ellipsis;\r\n        outline: none;\r\n        white-space: nowrap;\r\n    }\r\n    span.currency {\r\n        margin-left: 10px;\r\n        position: absolute;\r\n        line-height: 30px;\r\n        padding: 6px 9px;\r\n        font-size: 1em;\r\n    }\r\n    .amounts a {\r\n        border-radius: 5px;\r\n        display: inline-block;\r\n        border: 1px solid #ccc;\r\n        padding: 6px 3px;\r\n        font-weight: bold;\r\n        margin: 5px;\r\n        width: 50px;\r\n        color: #666;\r\n    }\r\n    .amounts a.selected,\r\n    .amounts a:hover {\r\n        background: #002E70;\r\n        border-color: #002E70;\r\n        color: #fff;\r\n    }\r\n    .hsbtn {\r\n        display: inline-block;\r\n        font-weight: bold;\r\n        text-transform: uppercase;;\r\n        letter-spacing: 1px;\r\n        padding: 7px 40px;\r\n        background: #002E70;\r\n        color: #fff !important;\r\n        border-radius: 30px;\r\n        margin-top: 20px;\r\n    }\r\n    .hsbtn:hover {\r\n        color: #fff;\r\n        background: #00082F;\r\n    }\r\n<\/style>\r\n<script>\r\n    jQuery(document).ready(function($){\r\n        $('.amounts a').on('click',function(ev){\r\n            $('.amounts a').removeClass('selected');\r\n            $(this).addClass('selected');\r\n            var amt = $(this).data('amount');\r\n            $('#amount').val(amt);\r\n            console.log('amount',amt);\r\n            ev.preventDefault();\r\n            return false;\r\n        });\r\n        $('.donatebtn').on('click',function(ev){\r\n            var amt = $('#amount').val(),\r\n            url = \"https:\/\/childrenmustwork.org\/pt-br\/carrinho\/?add-to-cart=630&nyp=\"+amt;\r\n            window.location = url;\r\n            return false;\r\n        });     \r\n    });\r\n<\/script>\r\n<div id=\"donatewidget\">\r\n    <div class=\"step\" data-step=\"1\">        \r\n        <p> Selecione um valor: <\/p>\r\n        <div class=\"amounts\">\r\n            <a href=\"#\" data-amount=\"30\"> 30 <\/a>\r\n            <a href=\"#\" data-amount=\"50\"> 50 <\/a>\r\n            <a href=\"#\" data-amount=\"100\"> 100 <\/a>\r\n            <a href=\"#\" data-amount=\"250\"> 250 <\/a>\r\n        <\/div>\r\n        <p> ou entre com o valor abaixo: <\/p>\r\n        <div>\r\n            <span class=\"currency\"> $ <\/span>\r\n            <input type=\"tel\" id=\"amount\" placeholder=\"Digite um valor\" oninput=\"this.value = this.value.replace(\/[^0-9.]\/g, '').replace(\/(\\..*)\\.\/g, '$1');\"\/>\r\n        <\/div>\r\n        <div style=\"text-align: center; width: 100%;\">\r\n            <a href=\"#\" class=\"donatebtn hsbtn\"> doar <\/a>\r\n        <\/div>\r\n    <\/div>\r\n<\/div>\t\t<\/div>\n\t\t\t\t<\/div>\n\t\t\t\t\t<\/div>\n\t\t<\/div>\n\t\t\t\t\t\t\t<\/div>\n\t\t<\/section>\n\t\t\t\t\t\t\t<\/div>\n\t\t","protected":false},"excerpt":{"rendered":"<p>DOA\u00c7\u00c3O A Children Must Work, Inc. (CMW) \u00e9 uma organiza\u00e7\u00e3o sem fins lucrativos que conduz um programa exclusivo de desenvolvimento de jovens que atende a necessidades espec\u00edficas direcionadas em tr\u00eas comunidades urbanas (Boston, MA, Hartford, CT eAtlanta, GA). \u00a0 A CMW est\u00e1 comprometida em fornecer experi\u00eancias diversificadas e de alta qualidade que desenvolvam habilidades e [&hellip;]<\/p>\n","protected":false},"author":2,"featured_media":0,"parent":0,"menu_order":0,"comment_status":"closed","ping_status":"closed","template":"elementor_header_footer","meta":{"footnotes":"","_links_to":"","_links_to_target":""},"class_list":["post-746","page","type-page","status-publish","hentry"],"_links":{"self":[{"href":"https:\/\/childrenmustwork.org\/pt-br\/wp-json\/wp\/v2\/pages\/746","targetHints":{"allow":["GET"]}}],"collection":[{"href":"https:\/\/childrenmustwork.org\/pt-br\/wp-json\/wp\/v2\/pages"}],"about":[{"href":"https:\/\/childrenmustwork.org\/pt-br\/wp-json\/wp\/v2\/types\/page"}],"author":[{"embeddable":true,"href":"https:\/\/childrenmustwork.org\/pt-br\/wp-json\/wp\/v2\/users\/2"}],"replies":[{"embeddable":true,"href":"https:\/\/childrenmustwork.org\/pt-br\/wp-json\/wp\/v2\/comments?post=746"}],"version-history":[{"count":16,"href":"https:\/\/childrenmustwork.org\/pt-br\/wp-json\/wp\/v2\/pages\/746\/revisions"}],"predecessor-version":[{"id":769,"href":"https:\/\/childrenmustwork.org\/pt-br\/wp-json\/wp\/v2\/pages\/746\/revisions\/769"}],"wp:attachment":[{"href":"https:\/\/childrenmustwork.org\/pt-br\/wp-json\/wp\/v2\/media?parent=746"}],"curies":[{"name":"wp","href":"https:\/\/api.w.org\/{rel}","templated":true}]}}